{"id":624,"date":"2021-08-20T16:18:16","date_gmt":"2021-08-20T10:48:16","guid":{"rendered":"https:\/\/myishopy.com\/kidzone\/?post_type=product&#038;p=624"},"modified":"2021-08-20T16:18:18","modified_gmt":"2021-08-20T10:48:18","slug":"mange-tror","status":"publish","type":"product","link":"https:\/\/myishopy.com\/kidzone\/product\/mange-tror\/","title":{"rendered":"Mange tror"},"content":{"rendered":"<p>I mods\u00e6tning til hvad mange tror, er Lorem Ipsum ikke bare tilf\u00e6ldig tekst. Det stammer fra et stykke litteratur p\u00e5 latin fra \u00e5r 45 f.kr., hvilket g\u00f8r teksten over 2000 \u00e5r gammel. Richard McClintock, professor i latin fra Hampden-Sydney universitet i Virginia, unders\u00f8gte et af de mindst kendte ord &#8220;consectetur&#8221; fra en del af Lorem Ipsum, og fandt frem til dets oprindelse ved at studere brugen gennem klassisk litteratur. Lorem Ipsum stammer fra afsnittene 1.10.32 og 1.10.33 fra &#8220;de Finibus Bonorum et Malorum&#8221; (Det gode og ondes ekstremer), som er skrevet af Cicero i \u00e5r 45 f.kr. Bogen, som var meget popul\u00e6r i ren\u00e6ssancen, er en afhandling om etik. Den f\u00f8rste linie af Lorem Ipsum &#8220;Lorem ipsum dolor sit amet&#8230;&#8221; kommer fra en linje i afsnit 1.10.32.<\/p>\n","protected":false},"excerpt":{"rendered":"<p>at dublere sm\u00e5 brudstykker af Lorem Ipsum efter behov, hvilket g\u00f8r dette til den f\u00f8rste \u00e6gte generator p\u00e5 internettet. Den bruger en ordbog p\u00e5 over 200 ord p\u00e5 latin kombineret med en h\u00e5ndfuld s\u00e6tningsstrukturer til at generere s\u00e6tninger, som ser p\u00e5lidelige ud. Resultatet af Lorem Ipsum er derfor altid fri for gentagelser, tilf\u00f8jet humor eller utrov\u00e6rdige ord osv.<\/p>\n","protected":false},"featured_media":637,"template":"","meta":[],"featured_image_urls":{"full":["https:\/\/myishopy.com\/kidzone\/wp-content\/uploads\/2021\/08\/product-4.png",600,600,false],"thumbnail":["https:\/\/myishopy.com\/kidzone\/wp-content\/uploads\/2021\/08\/product-4-150x150.png",150,150,true],"medium":["https:\/\/myishopy.com\/kidzone\/wp-content\/uploads\/2021\/08\/product-4-300x300.png",300,300,true],"medium_large":["https:\/\/myishopy.com\/kidzone\/wp-content\/uploads\/2021\/08\/product-4.png",600,600,false],"large":["https:\/\/myishopy.com\/kidzone\/wp-content\/uploads\/2021\/08\/product-4.png",600,600,false],"1536x1536":["https:\/\/myishopy.com\/kidzone\/wp-content\/uploads\/2021\/08\/product-4.png",600,600,false],"2048x2048":["https:\/\/myishopy.com\/kidzone\/wp-content\/uploads\/2021\/08\/product-4.png",600,600,false],"woocommerce_thumbnail":["https:\/\/myishopy.com\/kidzone\/wp-content\/uploads\/2021\/08\/product-4-300x300.png",300,300,true],"woocommerce_single":["https:\/\/myishopy.com\/kidzone\/wp-content\/uploads\/2021\/08\/product-4.png",600,600,false],"woocommerce_gallery_thumbnail":["https:\/\/myishopy.com\/kidzone\/wp-content\/uploads\/2021\/08\/product-4-100x100.png",100,100,true],"shop_catalog":["https:\/\/myishopy.com\/kidzone\/wp-content\/uploads\/2021\/08\/product-4-300x300.png",300,300,true],"shop_single":["https:\/\/myishopy.com\/kidzone\/wp-content\/uploads\/2021\/08\/product-4.png",600,600,false],"shop_thumbnail":["https:\/\/myishopy.com\/kidzone\/wp-content\/uploads\/2021\/08\/product-4-100x100.png",100,100,true]},"post_excerpt_stackable":"<p>at dublere sm\u00e5 brudstykker af Lorem Ipsum efter behov, hvilket g\u00f8r dette til den f\u00f8rste \u00e6gte generator p\u00e5 internettet. Den bruger en ordbog p\u00e5 over 200 ord p\u00e5 latin kombineret med en h\u00e5ndfuld s\u00e6tningsstrukturer til at generere s\u00e6tninger, som ser p\u00e5lidelige ud. Resultatet af Lorem Ipsum er derfor altid fri for gentagelser, tilf\u00f8jet humor eller utrov\u00e6rdige ord osv.<\/p>\n","category_list":"","author_info":{"name":"","url":""},"comments_num":"0 comments","_links":{"self":[{"href":"https:\/\/myishopy.com\/kidzone\/wp-json\/wp\/v2\/product\/624"}],"collection":[{"href":"https:\/\/myishopy.com\/kidzone\/wp-json\/wp\/v2\/product"}],"about":[{"href":"https:\/\/myishopy.com\/kidzone\/wp-json\/wp\/v2\/types\/product"}],"wp:featuredmedia":[{"embeddable":true,"href":"https:\/\/myishopy.com\/kidzone\/wp-json\/wp\/v2\/media\/637"}],"wp:attachment":[{"href":"https:\/\/myishopy.com\/kidzone\/wp-json\/wp\/v2\/media?parent=624"}],"curies":[{"name":"wp","href":"https:\/\/api.w.org\/{rel}","templated":true}]}}