{"id":633,"date":"2021-08-20T16:18:16","date_gmt":"2021-08-20T10:48:16","guid":{"rendered":"https:\/\/myishopy.com\/kidzone\/?post_type=product&#038;p=633"},"modified":"2021-08-20T16:18:23","modified_gmt":"2021-08-20T10:48:23","slug":"hhar-en-tendens","status":"publish","type":"product","link":"https:\/\/myishopy.com\/kidzone\/product\/hhar-en-tendens\/","title":{"rendered":"HHar en tendens"},"content":{"rendered":"<p>Der er mange tilg\u00e6ngelige udgaver af Lorem Ipsum, men de fleste udgaver har gennemg\u00e5et forandringer, n\u00e5r nogen har tilf\u00f8jet humor eller tilf\u00e6ldige ord, som p\u00e5 ingen m\u00e5de ser \u00e6gte ud. Hvis du skal bruge en udgave af Lorem Ipsum, skal du sikre dig, at der ikke indg\u00e5r noget pinligt midt i teksten. Alle Lorem Ipsum-generatore p\u00e5 nettet har en tendens til kun at dublere sm\u00e5 brudstykker af Lorem Ipsum efter behov, hvilket g\u00f8r dette til den f\u00f8rste \u00e6gte generator p\u00e5 internettet. Den bruger en ordbog p\u00e5 over 200 ord p\u00e5 latin kombineret med en h\u00e5ndfuld s\u00e6tningsstrukturer til at generere s\u00e6tninger, som ser p\u00e5lidelige ud. Resultatet af Lorem Ipsum er derfor altid fri for gentagelser, tilf\u00f8jet humor eller utrov\u00e6rdige ord osv.<\/p>\n","protected":false},"excerpt":{"rendered":"<p>at dublere sm\u00e5 brudstykker af Lorem Ipsum efter behov, hvilket g\u00f8r dette til den f\u00f8rste \u00e6gte generator p\u00e5 internettet. Den bruger en ordbog p\u00e5 over 200 ord p\u00e5 latin kombineret med en h\u00e5ndfuld s\u00e6tningsstrukturer til at generere s\u00e6tninger, som ser p\u00e5lidelige ud. Resultatet af Lorem Ipsum er derfor altid fri for gentagelser, tilf\u00f8jet humor eller utrov\u00e6rdige ord osv.<\/p>\n","protected":false},"featured_media":644,"template":"","meta":[],"featured_image_urls":{"full":["https:\/\/myishopy.com\/kidzone\/wp-content\/uploads\/2021\/08\/product-13.png",600,600,false],"thumbnail":["https:\/\/myishopy.com\/kidzone\/wp-content\/uploads\/2021\/08\/product-13-150x150.png",150,150,true],"medium":["https:\/\/myishopy.com\/kidzone\/wp-content\/uploads\/2021\/08\/product-13-300x300.png",300,300,true],"medium_large":["https:\/\/myishopy.com\/kidzone\/wp-content\/uploads\/2021\/08\/product-13.png",600,600,false],"large":["https:\/\/myishopy.com\/kidzone\/wp-content\/uploads\/2021\/08\/product-13.png",600,600,false],"1536x1536":["https:\/\/myishopy.com\/kidzone\/wp-content\/uploads\/2021\/08\/product-13.png",600,600,false],"2048x2048":["https:\/\/myishopy.com\/kidzone\/wp-content\/uploads\/2021\/08\/product-13.png",600,600,false],"woocommerce_thumbnail":["https:\/\/myishopy.com\/kidzone\/wp-content\/uploads\/2021\/08\/product-13-300x300.png",300,300,true],"woocommerce_single":["https:\/\/myishopy.com\/kidzone\/wp-content\/uploads\/2021\/08\/product-13.png",600,600,false],"woocommerce_gallery_thumbnail":["https:\/\/myishopy.com\/kidzone\/wp-content\/uploads\/2021\/08\/product-13-100x100.png",100,100,true],"shop_catalog":["https:\/\/myishopy.com\/kidzone\/wp-content\/uploads\/2021\/08\/product-13-300x300.png",300,300,true],"shop_single":["https:\/\/myishopy.com\/kidzone\/wp-content\/uploads\/2021\/08\/product-13.png",600,600,false],"shop_thumbnail":["https:\/\/myishopy.com\/kidzone\/wp-content\/uploads\/2021\/08\/product-13-100x100.png",100,100,true]},"post_excerpt_stackable":"<p>at dublere sm\u00e5 brudstykker af Lorem Ipsum efter behov, hvilket g\u00f8r dette til den f\u00f8rste \u00e6gte generator p\u00e5 internettet. Den bruger en ordbog p\u00e5 over 200 ord p\u00e5 latin kombineret med en h\u00e5ndfuld s\u00e6tningsstrukturer til at generere s\u00e6tninger, som ser p\u00e5lidelige ud. Resultatet af Lorem Ipsum er derfor altid fri for gentagelser, tilf\u00f8jet humor eller utrov\u00e6rdige ord osv.<\/p>\n","category_list":"","author_info":{"name":"","url":""},"comments_num":"0 comments","_links":{"self":[{"href":"https:\/\/myishopy.com\/kidzone\/wp-json\/wp\/v2\/product\/633"}],"collection":[{"href":"https:\/\/myishopy.com\/kidzone\/wp-json\/wp\/v2\/product"}],"about":[{"href":"https:\/\/myishopy.com\/kidzone\/wp-json\/wp\/v2\/types\/product"}],"wp:featuredmedia":[{"embeddable":true,"href":"https:\/\/myishopy.com\/kidzone\/wp-json\/wp\/v2\/media\/644"}],"wp:attachment":[{"href":"https:\/\/myishopy.com\/kidzone\/wp-json\/wp\/v2\/media?parent=633"}],"curies":[{"name":"wp","href":"https:\/\/api.w.org\/{rel}","templated":true}]}}